{"id":22,"date":"2016-02-12T08:11:05","date_gmt":"2016-02-12T08:11:05","guid":{"rendered":"http:\/\/demos.famethemes.com\/onepress\/?page_id=22"},"modified":"2022-10-21T10:41:36","modified_gmt":"2022-10-21T10:41:36","slug":"our-vision","status":"publish","type":"page","link":"https:\/\/www.car-technology.sk\/de\/our-vision\/","title":{"rendered":"Unsere Vision"},"content":{"rendered":"<h2 class=\"has-text-align-center wp-block-heading\"><strong>Unsere Vision<\/strong><\/h2>\n\n\n<p style=\"text-align: center;\">So wie wir versuchen, das Leben mit Leidenschaft zu leben, versuchen wir auch, technische L\u00f6sungen zu entwerfen, denn nur so k\u00f6nnen wir der Technik Leben einhauchen. Unsere Mission ist es, tragf\u00e4hige Produkte zu schaffen, die allen Anforderungen der Moderne gerecht werden, unseren Kunden die Erf\u00fcllung all ihrer Visionen und Erwartungen so zu bringen, dass sie unsere St\u00e4rken widerspiegeln: Kreativit\u00e4t, Produktivit\u00e4t, technische Reife sowie die Liebe zum Designprozess selbst.<\/p>","protected":false},"excerpt":{"rendered":"<p>Nullam ut tempor eros. Donec faucibus, velit et imperdiet aliquam, lacus velit luctus urna, vitae porttitor orci libero id felis.<\/p>","protected":false},"author":1,"featured_media":1518,"parent":0,"menu_order":0,"comment_status":"closed","ping_status":"closed","template":"","meta":{"_eb_attr":"","footnotes":""},"class_list":["post-22","page","type-page","status-publish","has-post-thumbnail","hentry"],"aioseo_notices":[],"_links":{"self":[{"href":"https:\/\/www.car-technology.sk\/de\/wp-json\/wp\/v2\/pages\/22","targetHints":{"allow":["GET"]}}],"collection":[{"href":"https:\/\/www.car-technology.sk\/de\/wp-json\/wp\/v2\/pages"}],"about":[{"href":"https:\/\/www.car-technology.sk\/de\/wp-json\/wp\/v2\/types\/page"}],"author":[{"embeddable":true,"href":"https:\/\/www.car-technology.sk\/de\/wp-json\/wp\/v2\/users\/1"}],"replies":[{"embeddable":true,"href":"https:\/\/www.car-technology.sk\/de\/wp-json\/wp\/v2\/comments?post=22"}],"version-history":[{"count":6,"href":"https:\/\/www.car-technology.sk\/de\/wp-json\/wp\/v2\/pages\/22\/revisions"}],"predecessor-version":[{"id":2380,"href":"https:\/\/www.car-technology.sk\/de\/wp-json\/wp\/v2\/pages\/22\/revisions\/2380"}],"wp:featuredmedia":[{"embeddable":true,"href":"https:\/\/www.car-technology.sk\/de\/wp-json\/wp\/v2\/media\/1518"}],"wp:attachment":[{"href":"https:\/\/www.car-technology.sk\/de\/wp-json\/wp\/v2\/media?parent=22"}],"curies":[{"name":"wp","href":"https:\/\/api.w.org\/{rel}","templated":true}]}}